{"id":112,"date":"2021-07-29T00:23:52","date_gmt":"2021-07-28T22:23:52","guid":{"rendered":"https:\/\/andercore.com\/?page_id=112"},"modified":"2022-11-25T00:07:47","modified_gmt":"2022-11-24T23:07:47","slug":"imprint","status":"publish","type":"page","link":"https:\/\/a21-manufacturing.com\/en\/imprint\/","title":{"rendered":"Imprint"},"content":{"rendered":"\n<p>Andercore GmbH<br>10405 Berlin<br>Deutschland<\/p>\n\n\n\n<p><strong>E-Mail<\/strong><br>info@andercore.com<\/p>\n\n\n\n<p><strong>Telefon<\/strong><br>+49 30 22012370<\/p>\n\n\n\n<p><strong>Gesch\u00e4ftsf\u00fchrer<\/strong><br>Philipp Andernach, Elsa Cordonnier<\/p>\n\n\n\n<p><strong>Inhaltlich Verantwortlicher<\/strong><br>Philipp Andernach und Elsa Cordonnier (Anschrift wie zuvor genannt)<\/p>\n\n\n\n<p><strong>Sitz und Registergericht<\/strong><br>Amtsgericht Berlin (Charlottenburg) HRB 230694 B<\/p>\n\n\n\n<p><strong>Umsatzsteuer-Identifikationsnummer<\/strong><br>DE344713832<\/p>\n\n\n\n<hr class=\"wp-block-separator has-css-opacity is-style-wide\"\/>\n\n\n\n<h2 class=\"wp-block-heading\">Nutzungshinweise<\/h2>\n\n\n\n<p>Wenn Sie uns per Kontaktformular Anfragen zukommen lassen, werden Ihre Angaben aus dem Anfrageformular inklusive der von Ihnen dort angegebenen Kontaktdaten zwecks Bearbeitung der Anfrage und f\u00fcr den Fall von Anschlussfragen bei uns gespeichert. Diese Daten geben wir nicht ohne Ihre Einwilligung weiter.<\/p>\n\n\n\n<p>Die Nutzung unserer Webseite ist in der Regel ohne Angabe personenbezogener Daten m\u00f6glich. Soweit auf unseren Seiten personenbezogene Daten (beispielsweise Name, Anschrift oder E-Mail-Adressen) erhoben werden, erfolgt dies, soweit m\u00f6glich, stets auf freiwilliger Basis. Diese Daten werden ohne Ihre ausdr\u00fcckliche Zustimmung nicht an Dritte weitergegeben.<\/p>\n\n\n\n<p>Wir weisen darauf hin, dass die Daten\u00fcbertragung im Internet (z.B. bei der Kommunikation per E-Mail) Sicherheitsl\u00fccken aufweisen kann. Ein l\u00fcckenloser Schutz der Daten vor dem Zugriff durch Dritte ist nicht m\u00f6glich.<\/p>\n\n\n\n<hr class=\"wp-block-separator has-css-opacity is-style-wide\"\/>\n\n\n\n<h4 class=\"wp-block-heading\">Design &amp; Programmierung<\/h4>\n\n\n\n<p><a rel=\"noreferrer noopener\" href=\"https:\/\/www.vivomedia.de\/\" target=\"_blank\">vivomedia.de<\/a><\/p>\n","protected":false},"excerpt":{"rendered":"<p>Andercore GmbH10405 BerlinDeutschland E-Mailinfo@andercore.com Telefon+49 30 22012370 Gesch\u00e4ftsf\u00fchrerPhilipp Andernach, Elsa Cordonnier Inhaltlich VerantwortlicherPhilipp Andernach und Elsa Cordonnier (Anschrift wie zuvor genannt) Sitz und RegistergerichtAmtsgericht Berlin (Charlottenburg) HRB 230694 B Umsatzsteuer-IdentifikationsnummerDE344713832 Nutzungshinweise Wenn Sie uns per Kontaktformular Anfragen zukommen lassen, werden Ihre Angaben aus dem Anfrageformular inklusive der von Ihnen dort angegebenen Kontaktdaten zwecks Bearbeitung der [&hellip;]<\/p>\n","protected":false},"author":3,"featured_media":0,"parent":0,"menu_order":0,"comment_status":"closed","ping_status":"closed","template":"","meta":{"footnotes":""},"class_list":["post-112","page","type-page","status-publish","hentry"],"yoast_head":"<!-- This site is optimized with the Yoast SEO plugin v27.5 - https:\/\/yoast.com\/product\/yoast-seo-wordpress\/ -->\n<title>Imprint - A21 Manufacturing<\/title>\n<meta name=\"robots\" content=\"index, follow, max-snippet:-1, max-image-preview:large, max-video-preview:-1\" \/>\n<link rel=\"canonical\" href=\"https:\/\/a21-manufacturing.com\/en\/imprint\/\" \/>\n<meta property=\"og:locale\" content=\"en_US\" \/>\n<meta property=\"og:type\" content=\"article\" \/>\n<meta property=\"og:title\" content=\"Imprint - A21 Manufacturing\" \/>\n<meta property=\"og:description\" content=\"Andercore GmbH10405 BerlinDeutschland E-Mailinfo@andercore.com Telefon+49 30 22012370 Gesch\u00e4ftsf\u00fchrerPhilipp Andernach, Elsa Cordonnier Inhaltlich VerantwortlicherPhilipp Andernach und Elsa Cordonnier (Anschrift wie zuvor genannt) Sitz und RegistergerichtAmtsgericht Berlin (Charlottenburg) HRB 230694 B Umsatzsteuer-IdentifikationsnummerDE344713832 Nutzungshinweise Wenn Sie uns per Kontaktformular Anfragen zukommen lassen, werden Ihre Angaben aus dem Anfrageformular inklusive der von Ihnen dort angegebenen Kontaktdaten zwecks Bearbeitung der [&hellip;]\" \/>\n<meta property=\"og:url\" content=\"https:\/\/a21-manufacturing.com\/en\/imprint\/\" \/>\n<meta property=\"og:site_name\" content=\"A21 Manufacturing\" \/>\n<meta property=\"article:modified_time\" content=\"2022-11-24T23:07:47+00:00\" \/>\n<meta name=\"twitter:card\" content=\"summary_large_image\" \/>\n<meta name=\"twitter:label1\" content=\"Est. reading time\" \/>\n\t<meta name=\"twitter:data1\" content=\"1 minute\" \/>\n<script type=\"application\/ld+json\" class=\"yoast-schema-graph\">{\"@context\":\"https:\\\/\\\/schema.org\",\"@graph\":[{\"@type\":\"WebPage\",\"@id\":\"https:\\\/\\\/a21-manufacturing.com\\\/en\\\/imprint\\\/\",\"url\":\"https:\\\/\\\/a21-manufacturing.com\\\/en\\\/imprint\\\/\",\"name\":\"Imprint - A21 Manufacturing\",\"isPartOf\":{\"@id\":\"https:\\\/\\\/a21-manufacturing.com\\\/en\\\/#website\"},\"datePublished\":\"2021-07-28T22:23:52+00:00\",\"dateModified\":\"2022-11-24T23:07:47+00:00\",\"breadcrumb\":{\"@id\":\"https:\\\/\\\/a21-manufacturing.com\\\/en\\\/imprint\\\/#breadcrumb\"},\"inLanguage\":\"en-US\",\"potentialAction\":[{\"@type\":\"ReadAction\",\"target\":[\"https:\\\/\\\/a21-manufacturing.com\\\/en\\\/imprint\\\/\"]}]},{\"@type\":\"BreadcrumbList\",\"@id\":\"https:\\\/\\\/a21-manufacturing.com\\\/en\\\/imprint\\\/#breadcrumb\",\"itemListElement\":[{\"@type\":\"ListItem\",\"position\":1,\"name\":\"Home\",\"item\":\"https:\\\/\\\/a21-manufacturing.com\\\/en\\\/\"},{\"@type\":\"ListItem\",\"position\":2,\"name\":\"Imprint\"}]},{\"@type\":\"WebSite\",\"@id\":\"https:\\\/\\\/a21-manufacturing.com\\\/en\\\/#website\",\"url\":\"https:\\\/\\\/a21-manufacturing.com\\\/en\\\/\",\"name\":\"A21 Manufacturing\",\"description\":\"Global procurement of construction components and material\",\"publisher\":{\"@id\":\"https:\\\/\\\/a21-manufacturing.com\\\/en\\\/#organization\"},\"potentialAction\":[{\"@type\":\"SearchAction\",\"target\":{\"@type\":\"EntryPoint\",\"urlTemplate\":\"https:\\\/\\\/a21-manufacturing.com\\\/en\\\/?s={search_term_string}\"},\"query-input\":{\"@type\":\"PropertyValueSpecification\",\"valueRequired\":true,\"valueName\":\"search_term_string\"}}],\"inLanguage\":\"en-US\"},{\"@type\":\"Organization\",\"@id\":\"https:\\\/\\\/a21-manufacturing.com\\\/en\\\/#organization\",\"name\":\"Andercore GmbH\",\"url\":\"https:\\\/\\\/a21-manufacturing.com\\\/en\\\/\",\"logo\":{\"@type\":\"ImageObject\",\"inLanguage\":\"en-US\",\"@id\":\"https:\\\/\\\/a21-manufacturing.com\\\/en\\\/#\\\/schema\\\/logo\\\/image\\\/\",\"url\":\"https:\\\/\\\/a21-manufacturing.com\\\/wp-content\\\/uploads\\\/Andercore-Logo.svg\",\"contentUrl\":\"https:\\\/\\\/a21-manufacturing.com\\\/wp-content\\\/uploads\\\/Andercore-Logo.svg\",\"width\":1,\"height\":1,\"caption\":\"Andercore GmbH\"},\"image\":{\"@id\":\"https:\\\/\\\/a21-manufacturing.com\\\/en\\\/#\\\/schema\\\/logo\\\/image\\\/\"}}]}<\/script>\n<!-- \/ Yoast SEO plugin. -->","yoast_head_json":{"title":"Imprint - A21 Manufacturing","robots":{"index":"index","follow":"follow","max-snippet":"max-snippet:-1","max-image-preview":"max-image-preview:large","max-video-preview":"max-video-preview:-1"},"canonical":"https:\/\/a21-manufacturing.com\/en\/imprint\/","og_locale":"en_US","og_type":"article","og_title":"Imprint - A21 Manufacturing","og_description":"Andercore GmbH10405 BerlinDeutschland E-Mailinfo@andercore.com Telefon+49 30 22012370 Gesch\u00e4ftsf\u00fchrerPhilipp Andernach, Elsa Cordonnier Inhaltlich VerantwortlicherPhilipp Andernach und Elsa Cordonnier (Anschrift wie zuvor genannt) Sitz und RegistergerichtAmtsgericht Berlin (Charlottenburg) HRB 230694 B Umsatzsteuer-IdentifikationsnummerDE344713832 Nutzungshinweise Wenn Sie uns per Kontaktformular Anfragen zukommen lassen, werden Ihre Angaben aus dem Anfrageformular inklusive der von Ihnen dort angegebenen Kontaktdaten zwecks Bearbeitung der [&hellip;]","og_url":"https:\/\/a21-manufacturing.com\/en\/imprint\/","og_site_name":"A21 Manufacturing","article_modified_time":"2022-11-24T23:07:47+00:00","twitter_card":"summary_large_image","twitter_misc":{"Est. reading time":"1 minute"},"schema":{"@context":"https:\/\/schema.org","@graph":[{"@type":"WebPage","@id":"https:\/\/a21-manufacturing.com\/en\/imprint\/","url":"https:\/\/a21-manufacturing.com\/en\/imprint\/","name":"Imprint - A21 Manufacturing","isPartOf":{"@id":"https:\/\/a21-manufacturing.com\/en\/#website"},"datePublished":"2021-07-28T22:23:52+00:00","dateModified":"2022-11-24T23:07:47+00:00","breadcrumb":{"@id":"https:\/\/a21-manufacturing.com\/en\/imprint\/#breadcrumb"},"inLanguage":"en-US","potentialAction":[{"@type":"ReadAction","target":["https:\/\/a21-manufacturing.com\/en\/imprint\/"]}]},{"@type":"BreadcrumbList","@id":"https:\/\/a21-manufacturing.com\/en\/imprint\/#breadcrumb","itemListElement":[{"@type":"ListItem","position":1,"name":"Home","item":"https:\/\/a21-manufacturing.com\/en\/"},{"@type":"ListItem","position":2,"name":"Imprint"}]},{"@type":"WebSite","@id":"https:\/\/a21-manufacturing.com\/en\/#website","url":"https:\/\/a21-manufacturing.com\/en\/","name":"A21 Manufacturing","description":"Global procurement of construction components and material","publisher":{"@id":"https:\/\/a21-manufacturing.com\/en\/#organization"},"potentialAction":[{"@type":"SearchAction","target":{"@type":"EntryPoint","urlTemplate":"https:\/\/a21-manufacturing.com\/en\/?s={search_term_string}"},"query-input":{"@type":"PropertyValueSpecification","valueRequired":true,"valueName":"search_term_string"}}],"inLanguage":"en-US"},{"@type":"Organization","@id":"https:\/\/a21-manufacturing.com\/en\/#organization","name":"Andercore GmbH","url":"https:\/\/a21-manufacturing.com\/en\/","logo":{"@type":"ImageObject","inLanguage":"en-US","@id":"https:\/\/a21-manufacturing.com\/en\/#\/schema\/logo\/image\/","url":"https:\/\/a21-manufacturing.com\/wp-content\/uploads\/Andercore-Logo.svg","contentUrl":"https:\/\/a21-manufacturing.com\/wp-content\/uploads\/Andercore-Logo.svg","width":1,"height":1,"caption":"Andercore GmbH"},"image":{"@id":"https:\/\/a21-manufacturing.com\/en\/#\/schema\/logo\/image\/"}}]}},"_links":{"self":[{"href":"https:\/\/a21-manufacturing.com\/en\/wp-json\/wp\/v2\/pages\/112","targetHints":{"allow":["GET"]}}],"collection":[{"href":"https:\/\/a21-manufacturing.com\/en\/wp-json\/wp\/v2\/pages"}],"about":[{"href":"https:\/\/a21-manufacturing.com\/en\/wp-json\/wp\/v2\/types\/page"}],"author":[{"embeddable":true,"href":"https:\/\/a21-manufacturing.com\/en\/wp-json\/wp\/v2\/users\/3"}],"replies":[{"embeddable":true,"href":"https:\/\/a21-manufacturing.com\/en\/wp-json\/wp\/v2\/comments?post=112"}],"version-history":[{"count":10,"href":"https:\/\/a21-manufacturing.com\/en\/wp-json\/wp\/v2\/pages\/112\/revisions"}],"predecessor-version":[{"id":3212,"href":"https:\/\/a21-manufacturing.com\/en\/wp-json\/wp\/v2\/pages\/112\/revisions\/3212"}],"wp:attachment":[{"href":"https:\/\/a21-manufacturing.com\/en\/wp-json\/wp\/v2\/media?parent=112"}],"curies":[{"name":"wp","href":"https:\/\/api.w.org\/{rel}","templated":true}]}}